{"id":15,"date":"2015-10-22T14:19:12","date_gmt":"2015-10-22T14:19:12","guid":{"rendered":"https:\/?page_id=15"},"modified":"2016-01-08T15:16:55","modified_gmt":"2016-01-08T15:16:55","slug":"mision","status":"publish","type":"page","link":"https:\/\/ichancefoundation.org\/es\/mision\/","title":{"rendered":"Mision"},"content":{"rendered":"<div class=\"t4p-two-third two_third t4p-column\">Nad\u00e1cia iChance Foundation iCF es una fundaci\u00f3n sin fines de lucro. tiene su sede en Bartislava.<\/p>\n<p>El fin de la fundaci\u00f3n es el de sostener finacieramente aquellas personas que desarrollan actividades en los siguientes ambitos ya sea en sede nacional como extranjera.<\/p>\n<ul class=\"t4p-checklist\">\n<li class=\"t4p-li-item size-small\"><span class=\"t4p-icon-wrapper circle-no\"><i class=\"t4p-li-icon fa fa-chevron-circle-right\" style=\"color:#747474;\"><\/i><\/span><span class=\"t4p-li-item-content\">sostienen a personas que no tienen los medios, incluso de tipo econ\u00f3mico, para acceder al sitema sanitario p\u00fablico,<\/span><\/li>\n<li class=\"t4p-li-item size-small\"><span class=\"t4p-icon-wrapper circle-no\"><i class=\"t4p-li-icon fa fa-chevron-circle-right\" style=\"color:#747474;\"><\/i><\/span><span class=\"t4p-li-item-content\">propaganda y apoyo a la realizaci\u00f3n de cada tipo\/todo de actividad en el ambito y tutela de la salud,<\/span><\/li>\n<li class=\"t4p-li-item size-small\"><span class=\"t4p-icon-wrapper circle-no\"><i class=\"t4p-li-icon fa fa-chevron-circle-right\" style=\"color:#747474;\"><\/i><\/span><span class=\"t4p-li-item-content\">organizaci\u00f3n de eventos orientados hacia la educaci\u00f3n, <\/span><\/li>\n<li class=\"t4p-li-item size-small\"><span class=\"t4p-icon-wrapper circle-no\"><i class=\"t4p-li-icon fa fa-chevron-circle-right\" style=\"color:#747474;\"><\/i><\/span><span class=\"t4p-li-item-content\">la realizaci\u00f3n de obras incluso estructurales, la cuales podr\u00edan permitir obtener los fines sociales, solidarios, sanitarios y humanitarios ( como por ejemplo: escuelas, estruccturas sanitarias, cl\u00ednicas, hospitales, etc.),<\/span><\/li>\n<li class=\"t4p-li-item size-small\"><span class=\"t4p-icon-wrapper circle-no\"><i class=\"t4p-li-icon fa fa-chevron-circle-right\" style=\"color:#747474;\"><\/i><\/span><span class=\"t4p-li-item-content\">la protecci\u00f3n de la salud y generaci\u00f3n de las condiciones para garantizar una protecci\u00f3n real de la salud (sobretodo la garantia material de los medios sanitarios caros),<\/span><\/li>\n<li class=\"t4p-li-item size-small\"><span class=\"t4p-icon-wrapper circle-no\"><i class=\"t4p-li-icon fa fa-chevron-circle-right\" style=\"color:#747474;\"><\/i><\/span><span class=\"t4p-li-item-content\">xxxxxx<\/span><\/li>\n<li class=\"t4p-li-item size-small\"><span class=\"t4p-icon-wrapper circle-no\"><i class=\"t4p-li-icon fa fa-chevron-circle-right\" style=\"color:#747474;\"><\/i><\/span><span class=\"t4p-li-item-content\">realizaci\u00f3n y protecci\u00f3n de los derechos humanos y otros fines humanitarios,<\/span><\/li>\n<li class=\"t4p-li-item size-small\"><span class=\"t4p-icon-wrapper circle-no\"><i class=\"t4p-li-icon fa fa-chevron-circle-right\" style=\"color:#747474;\"><\/i><\/span><span class=\"t4p-li-item-content\">desarrollo y sot\u00e9n a la educaci\u00f3n.<\/span><\/li>\n<li class=\"t4p-li-item size-small\"><span class=\"t4p-icon-wrapper circle-no\"><i class=\"t4p-li-icon fa fa-chevron-circle-right\" style=\"color:#747474;\"><\/i><\/span><span class=\"t4p-li-item-content\">apoyo y realizaci\u00f3n de proyectos relacioandos con la auto-subsistencia alimenticia y econ\u00f3mica<\/span><\/li>\n<\/ul><\/div>\n<div class=\"t4p-one-third one_third t4p-column last\"><div class=\"t4p-title title\"><h3 class=\"title-heading-left\">\u00a1Apoya nuestros proyectos!<\/h3><div class=\"title-sep-container\"><div class=\"title-sep sep-single sep-solid\"><\/div><\/div><\/div>\n<div class=\"t4p-slider-sc flexslider\" style=\"max-width:100%;height:100%;\"><ul class=\"slides\">\n<li class=\"image\"><a class=\"lightbox\" rel=\"prettyPhoto\" href=\"http:\/\/ichancefoundation.org\/wp-content\/uploads\/2015\/10\/diritti2.jpg\" target=\"_self\" title><img decoding=\"async\" src=\"http:\/\/ichancefoundation.org\/wp-content\/uploads\/2015\/10\/diritti2.jpg\" alt \/><\/a><\/li>\n<li class=\"image\"><a class=\"lightbox\" rel=\"prettyPhoto\" href=\"http:\/\/ichancefoundation.org\/wp-content\/uploads\/2015\/10\/diritti1.jpg\" target=\"_self\" title><img decoding=\"async\" src=\"http:\/\/ichancefoundation.org\/wp-content\/uploads\/2015\/10\/diritti1.jpg\" alt \/><\/a><\/li>\n<\/ul><\/div>\n<style>.t4p-button.button-1{border-width:1px;color:#ffffff;border-color:;color:#ffffff;}.t4p-button.button-1:hover,.t4p-button.button-1:focus,.t4p-button.button-1:active{border-width:1px;color:#ffffff;border-color:;}.t4p-button.button-1{background: #73b819;\n\t\t\t\t\tbackground-image: -webkit-gradient( linear, left bottom, left top, from( #598f13 ), to( #73b819 ) );\n\t\t\t\t\tbackground-image: -webkit-linear-gradient( bottom, #598f13, #73b819 );\n\t\t\t\t\tbackground-image:    -moz-linear-gradient( bottom, #598f13, #73b819 );\n\t\t\t\t\tbackground-image:      -o-linear-gradient( bottom, #598f13, #73b819 );\n\t\t\t\t\tbackground-image: linear-gradient( to top, #598f13, #73b819 );}.t4p-button.button-1:hover,.button-1:focus,.t4p-button.button-1:active{background: #777777;\n\t\t\t\t\tbackground-image: -webkit-gradient( linear, left bottom, left top, from( #555555 ), to( #777777 ) );\n\t\t\t\t\tbackground-image: -webkit-linear-gradient( bottom, #555555, #777777 );\n\t\t\t\t\tbackground-image:    -moz-linear-gradient( bottom, #555555, #777777 );\n\t\t\t\t\tbackground-image:      -o-linear-gradient( bottom, #555555, #777777 );\n\t\t\t\t\tbackground-image: linear-gradient( to top, #555555, #777777 );}<\/style><style>.t4p-button.button-1{border-width:1px;color:#ffffff;border-color:;color:#ffffff;}.t4p-button.button-1:hover,.t4p-button.button-1:focus,.t4p-button.button-1:active{border-width:1px;color:#ffffff;border-color:;}<\/style><a class=\"btn-default button xlarge button default t4p-button button-flat button-round button-xlarge button-default button-1 buttonshadow-0\" type=\"button\" target=\"_self\" title href><span class=\"t4p-button-text\">\u00a1Haz una donaci\u00f3n, ahora!<\/span><\/a>\n<\/div><div class=\"t4p-clearfix\"><\/div>\n<style type='text\/css'>.reading-box-container-1 .element-bottomshadow:before,.reading-box-container-1 .element-bottomshadow:after{opacity:0.1;}<\/style><div class=\"t4p-reading-box-container reading-box-container-1\"><section class=\"reading-box\" style=\"background-color:#f6f6f6;border-width:1px;border-color:#f6f6f6;border-left-width:3px;border-left-color:#96bf0b;border-style:solid;\">Descarga un extracto de nuestro estatuto.<br \/>\nSi quieres ver la versi\u00f3n completa enviar una petici\u00f3n a nuestra direcci\u00f3n de correo electr\u00f3nico<a href=\"mailto:\u00a0info@\"><br \/>\ninfo@<\/a>\u00a0<a class=\"btn button btn-default t4p-button button-blue button-square button-medium button-flat continue default continue-right\" href=\"http:\/\/ichancefoundation.org\/wp-content\/uploads\/2015\/12\/atto_fondaz_stralcio_ES.pdf\" target=\"_blank\" type=\"button\">DOWNLOAD<\/a><a class=\"btn button btn-default t4p-button button-blue button-square button-medium button-flat mobile-button default continue-right\" href=\"http:\/\/ichancefoundation.org\/wp-content\/uploads\/2015\/12\/atto_fondaz_stralcio_ES.pdf\" target=\"_blank\" type=\"button\">DOWNLOAD<\/a><\/section><\/div>\n","protected":false},"excerpt":{"rendered":"","protected":false},"author":1,"featured_media":0,"parent":0,"menu_order":0,"comment_status":"closed","ping_status":"closed","template":"full-width.php","meta":{"footnotes":""},"class_list":["post-15","page","type-page","status-publish","hentry"],"translation":{"provider":"WPGlobus","version":"3.0.0","language":"es","enabled_languages":["en","it","sk","es","fr"],"languages":{"en":{"title":true,"content":true,"excerpt":false},"it":{"title":true,"content":true,"excerpt":false},"sk":{"title":false,"content":false,"excerpt":false},"es":{"title":true,"content":true,"excerpt":false},"fr":{"title":false,"content":true,"excerpt":false}}},"_links":{"self":[{"href":"https:\/\/ichancefoundation.org\/es\/wp-json\/wp\/v2\/pages\/15","targetHints":{"allow":["GET"]}}],"collection":[{"href":"https:\/\/ichancefoundation.org\/es\/wp-json\/wp\/v2\/pages"}],"about":[{"href":"https:\/\/ichancefoundation.org\/es\/wp-json\/wp\/v2\/types\/page"}],"author":[{"embeddable":true,"href":"https:\/\/ichancefoundation.org\/es\/wp-json\/wp\/v2\/users\/1"}],"replies":[{"embeddable":true,"href":"https:\/\/ichancefoundation.org\/es\/wp-json\/wp\/v2\/comments?post=15"}],"version-history":[{"count":54,"href":"https:\/\/ichancefoundation.org\/es\/wp-json\/wp\/v2\/pages\/15\/revisions"}],"predecessor-version":[{"id":178,"href":"https:\/\/ichancefoundation.org\/es\/wp-json\/wp\/v2\/pages\/15\/revisions\/178"}],"wp:attachment":[{"href":"https:\/\/ichancefoundation.org\/es\/wp-json\/wp\/v2\/media?parent=15"}],"curies":[{"name":"wp","href":"https:\/\/api.w.org\/{rel}","templated":true}]}}