{"id":32,"date":"2015-10-22T14:46:08","date_gmt":"2015-10-22T14:46:08","guid":{"rendered":"https:\/?page_id=32"},"modified":"2016-01-26T14:30:54","modified_gmt":"2016-01-26T14:30:54","slug":"sostienici","status":"publish","type":"page","link":"https:\/\/ichancefoundation.org\/es\/sostienici\/","title":{"rendered":"Ayudanos"},"content":{"rendered":"<p>Usted puede apoyar nuestra misi\u00f3n de ayudar y ofrecer esperanza a los que nada tienen, a trav\u00e9s de una donaci\u00f3n.<\/p>\n<p><strong>TRANSFERENCIA BANCARIA<\/strong><br \/>\nPuede ordenar a su banco para acreditar su transferencia bancaria a la c \/ c<\/p>\n<p>TATRA BANKA A.S.<br \/>\nBRATISLAVA 55 \/ SK<br \/>\n<strong>IBAN :<\/strong> SK28 1100 0000 0029 4601 5712<br \/>\n<strong>SWIFT :<\/strong> TATRSKBX<br \/>\n<strong>INTESTAZIONE :<\/strong> Nadacia iChanceFoundation (iCF) 811 01 Bratislava \/ SK<\/p>\n<p>Tambi\u00e9n puede dar instrucciones a su banco para la ejecuci\u00f3n de un banco nos garantiza como una ayuda regular y continua.<\/p>\n<p>Gracias de antemano por su ayuda.<\/p>\n","protected":false},"excerpt":{"rendered":"<p>Usted puede apoyar nuestra misi\u00f3n de ayudar y ofrecer esperanza a los que nada tienen, a trav\u00e9s de una donaci\u00f3n. TRANSFERENCIA BANCARIA Puede ordenar a su banco para acreditar su transferencia bancaria a la c \/ c TATRA BANKA A.S. BRATISLAVA 55 \/ SK IBAN : SK28 1100 0000 0029 4601 5712 SWIFT : TATRSKBX [&hellip;]<\/p>\n","protected":false},"author":1,"featured_media":0,"parent":0,"menu_order":0,"comment_status":"closed","ping_status":"closed","template":"","meta":{"footnotes":""},"class_list":["post-32","page","type-page","status-publish","hentry"],"translation":{"provider":"WPGlobus","version":"3.0.0","language":"es","enabled_languages":["en","it","sk","es","fr"],"languages":{"en":{"title":true,"content":true,"excerpt":false},"it":{"title":true,"content":true,"excerpt":false},"sk":{"title":false,"content":false,"excerpt":false},"es":{"title":true,"content":true,"excerpt":false},"fr":{"title":true,"content":true,"excerpt":false}}},"_links":{"self":[{"href":"https:\/\/ichancefoundation.org\/es\/wp-json\/wp\/v2\/pages\/32","targetHints":{"allow":["GET"]}}],"collection":[{"href":"https:\/\/ichancefoundation.org\/es\/wp-json\/wp\/v2\/pages"}],"about":[{"href":"https:\/\/ichancefoundation.org\/es\/wp-json\/wp\/v2\/types\/page"}],"author":[{"embeddable":true,"href":"https:\/\/ichancefoundation.org\/es\/wp-json\/wp\/v2\/users\/1"}],"replies":[{"embeddable":true,"href":"https:\/\/ichancefoundation.org\/es\/wp-json\/wp\/v2\/comments?post=32"}],"version-history":[{"count":19,"href":"https:\/\/ichancefoundation.org\/es\/wp-json\/wp\/v2\/pages\/32\/revisions"}],"predecessor-version":[{"id":364,"href":"https:\/\/ichancefoundation.org\/es\/wp-json\/wp\/v2\/pages\/32\/revisions\/364"}],"wp:attachment":[{"href":"https:\/\/ichancefoundation.org\/es\/wp-json\/wp\/v2\/media?parent=32"}],"curies":[{"name":"wp","href":"https:\/\/api.w.org\/{rel}","templated":true}]}}