{"id":15,"date":"2015-10-22T14:19:12","date_gmt":"2015-10-22T14:19:12","guid":{"rendered":"https:\/?page_id=15"},"modified":"2016-01-08T15:16:55","modified_gmt":"2016-01-08T15:16:55","slug":"mision","status":"publish","type":"page","link":"https:\/\/ichancefoundation.org\/fr\/mision\/","title":{"rendered":"Mission"},"content":{"rendered":"<div class=\"t4p-two-third two_third t4p-column\">Nad\u00e1cia iChance Foundation iCF est une association non lucrative dont le si\u00e8ge est \u00e0 Bratislava.<\/p>\n<p>La fondation a pour but de soutenir financi\u00e8rement et op\u00e9rationnellement les sujets qui d\u00e9veloppent des activit\u00e9s dans les domaines suivants sur le territoire national et \u00e0 l\u2019\u00e9tranger.<\/p>\n<ul class=\"t4p-checklist\">\n<li class=\"t4p-li-item size-small\"><span class=\"t4p-icon-wrapper circle-no\"><i class=\"t4p-li-icon fa fa-chevron-circle-right\" style=\"color:#747474;\"><\/i><\/span><span class=\"t4p-li-item-content\">Soutien aux personnes, qui n\u2019ont pas les moyens, m\u00eame sur le plan \u00e9conomique, d\u2019acc\u00e9der au syst\u00e8me de sant\u00e9 publique,<\/span><\/li>\n<li class=\"t4p-li-item size-small\"><span class=\"t4p-icon-wrapper circle-no\"><i class=\"t4p-li-icon fa fa-chevron-circle-right\" style=\"color:#747474;\"><\/i><\/span><span class=\"t4p-li-item-content\">propagande et soutien de la r\u00e9alisation de toute action et activit\u00e9 dans le domaine de la tutelle de la sant\u00e9,<\/span><\/li>\n<li class=\"t4p-li-item size-small\"><span class=\"t4p-icon-wrapper circle-no\"><i class=\"t4p-li-icon fa fa-chevron-circle-right\" style=\"color:#747474;\"><\/i><\/span><span class=\"t4p-li-item-content\">organisation d\u2019\u00e9v\u00e9nements orient\u00e9s sur l\u2019\u00e9ducation,<\/span><\/li>\n<li class=\"t4p-li-item size-small\"><span class=\"t4p-icon-wrapper circle-no\"><i class=\"t4p-li-icon fa fa-chevron-circle-right\" style=\"color:#747474;\"><\/i><\/span><span class=\"t4p-li-item-content\">r\u00e9alisation d\u2019ouvrages, m\u00eame structuraux, qui pourraient permettre de concr\u00e9tiser des buts sociaux, solidaires, sanitaires et humanitaires (par exemple \u00e9coles, structures sanitaires, cliniques, h\u00f4pitaux, etc.),<\/span><\/li>\n<li class=\"t4p-li-item size-small\"><span class=\"t4p-icon-wrapper circle-no\"><i class=\"t4p-li-icon fa fa-chevron-circle-right\" style=\"color:#747474;\"><\/i><\/span><span class=\"t4p-li-item-content\">protection de la sant\u00e9 et accomplissement de l\u2019aide humanitaire individuelle ou pour un groupe de personnes,<\/span><\/li>\n<li class=\"t4p-li-item size-small\"><span class=\"t4p-icon-wrapper circle-no\"><i class=\"t4p-li-icon fa fa-chevron-circle-right\" style=\"color:#747474;\"><\/i><\/span><span class=\"t4p-li-item-content\">protection de la sant\u00e9 et \u00e9tablissement des bases afin de garantir les conditions n\u00e9cessaires d\u2019une v\u00e9ritable protection de la sant\u00e9 (surtout la garantie mat\u00e9rielle des \u00e9l\u00e9ments sanitaires on\u00e9reux),<\/span><\/li>\n<li class=\"t4p-li-item size-small\"><span class=\"t4p-icon-wrapper circle-no\"><i class=\"t4p-li-icon fa fa-chevron-circle-right\" style=\"color:#747474;\"><\/i><\/span><span class=\"t4p-li-item-content\">r\u00e9alisation et protection des droits de l\u2019homme et d\u2019autres buts humanitaires,<\/span><\/li>\n<li class=\"t4p-li-item size-small\"><span class=\"t4p-icon-wrapper circle-no\"><i class=\"t4p-li-icon fa fa-chevron-circle-right\" style=\"color:#747474;\"><\/i><\/span><span class=\"t4p-li-item-content\">d\u00e9veloppement et soutien d\u2019\u00e9ducation,<\/span><\/li>\n<li class=\"t4p-li-item size-small\"><span class=\"t4p-icon-wrapper circle-no\"><i class=\"t4p-li-icon fa fa-chevron-circle-right\" style=\"color:#747474;\"><\/i><\/span><span class=\"t4p-li-item-content\">soutien et r\u00e9alisation de projets li\u00e9s \u00e0 l\u2019autosubsistance alimentaire et \u00e9conomique.<\/span><\/li>\n<\/ul><\/div>\n<div class=\"t4p-one-third one_third t4p-column last\"><div class=\"t4p-title title\"><h3 class=\"title-heading-left\">Soutenez nos projets! <\/h3><div class=\"title-sep-container\"><div class=\"title-sep sep-single sep-solid\"><\/div><\/div><\/div>\n<div class=\"t4p-slider-sc flexslider\" style=\"max-width:100%;height:100%;\"><ul class=\"slides\">\n<li class=\"image\"><a class=\"lightbox\" rel=\"prettyPhoto\" href=\"http:\/\/ichancefoundation.org\/wp-content\/uploads\/2015\/10\/diritti2.jpg\" target=\"_self\" title><img decoding=\"async\" src=\"http:\/\/ichancefoundation.org\/wp-content\/uploads\/2015\/10\/diritti2.jpg\" alt \/><\/a><\/li>\n<li class=\"image\"><a class=\"lightbox\" rel=\"prettyPhoto\" href=\"http:\/\/ichancefoundation.org\/wp-content\/uploads\/2015\/10\/diritti1.jpg\" target=\"_self\" title><img decoding=\"async\" src=\"http:\/\/ichancefoundation.org\/wp-content\/uploads\/2015\/10\/diritti1.jpg\" alt \/><\/a><\/li>\n<\/ul><\/div>\n<style>.t4p-button.button-1{border-width:1px;color:#ffffff;border-color:;color:#ffffff;}.t4p-button.button-1:hover,.t4p-button.button-1:focus,.t4p-button.button-1:active{border-width:1px;color:#ffffff;border-color:;}.t4p-button.button-1{background: #73b819;\n\t\t\t\t\tbackground-image: -webkit-gradient( linear, left bottom, left top, from( #598f13 ), to( #73b819 ) );\n\t\t\t\t\tbackground-image: -webkit-linear-gradient( bottom, #598f13, #73b819 );\n\t\t\t\t\tbackground-image:    -moz-linear-gradient( bottom, #598f13, #73b819 );\n\t\t\t\t\tbackground-image:      -o-linear-gradient( bottom, #598f13, #73b819 );\n\t\t\t\t\tbackground-image: linear-gradient( to top, #598f13, #73b819 );}.t4p-button.button-1:hover,.button-1:focus,.t4p-button.button-1:active{background: #777777;\n\t\t\t\t\tbackground-image: -webkit-gradient( linear, left bottom, left top, from( #555555 ), to( #777777 ) );\n\t\t\t\t\tbackground-image: -webkit-linear-gradient( bottom, #555555, #777777 );\n\t\t\t\t\tbackground-image:    -moz-linear-gradient( bottom, #555555, #777777 );\n\t\t\t\t\tbackground-image:      -o-linear-gradient( bottom, #555555, #777777 );\n\t\t\t\t\tbackground-image: linear-gradient( to top, #555555, #777777 );}<\/style><style>.t4p-button.button-1{border-width:1px;color:#ffffff;border-color:;color:#ffffff;}.t4p-button.button-1:hover,.t4p-button.button-1:focus,.t4p-button.button-1:active{border-width:1px;color:#ffffff;border-color:;}<\/style><a class=\"btn-default button xlarge button default t4p-button button-flat button-round button-xlarge button-default button-1 buttonshadow-0\" type=\"button\" target=\"_self\" title href><span class=\"t4p-button-text\">Faites votre donation maintenant!<\/span><\/a>\n<\/div><div class=\"t4p-clearfix\"><\/div>\n<style type='text\/css'>.reading-box-container-1 .element-bottomshadow:before,.reading-box-container-1 .element-bottomshadow:after{opacity:0.1;}<\/style><div class=\"t4p-reading-box-container reading-box-container-1\"><section class=\"reading-box\" style=\"background-color:#f6f6f6;border-width:1px;border-color:#f6f6f6;border-left-width:3px;border-left-color:#96bf0b;border-style:solid;\">T\u00e9l\u00e9charger un extrait de notre loi.<br \/>\nSi vous voulez voir la version compl\u00e8te envoyer une demande \u00e0 notre adresse e-mail<a href=\"mailto:\u00a0info@\"><br \/>\ninfo@<\/a>\u00a0<a class=\"btn button btn-default t4p-button button-blue button-square button-medium button-flat continue default continue-right\" href=\"http:\/\/ichancefoundation.org\/wp-content\/uploads\/2015\/12\/atto_fondaz_stralcio_FR.pdf\" target=\"_blank\" type=\"button\">DOWNLOAD<\/a><a class=\"btn button btn-default t4p-button button-blue button-square button-medium button-flat mobile-button default continue-right\" href=\"http:\/\/ichancefoundation.org\/wp-content\/uploads\/2015\/12\/atto_fondaz_stralcio_FR.pdf\" target=\"_blank\" type=\"button\">DOWNLOAD<\/a><\/section><\/div>\n","protected":false},"excerpt":{"rendered":"","protected":false},"author":1,"featured_media":0,"parent":0,"menu_order":0,"comment_status":"closed","ping_status":"closed","template":"full-width.php","meta":{"footnotes":""},"class_list":["post-15","page","type-page","status-publish","hentry"],"translation":{"provider":"WPGlobus","version":"3.0.0","language":"fr","enabled_languages":["en","it","sk","es","fr"],"languages":{"en":{"title":true,"content":true,"excerpt":false},"it":{"title":true,"content":true,"excerpt":false},"sk":{"title":false,"content":false,"excerpt":false},"es":{"title":true,"content":true,"excerpt":false},"fr":{"title":false,"content":true,"excerpt":false}}},"_links":{"self":[{"href":"https:\/\/ichancefoundation.org\/fr\/wp-json\/wp\/v2\/pages\/15","targetHints":{"allow":["GET"]}}],"collection":[{"href":"https:\/\/ichancefoundation.org\/fr\/wp-json\/wp\/v2\/pages"}],"about":[{"href":"https:\/\/ichancefoundation.org\/fr\/wp-json\/wp\/v2\/types\/page"}],"author":[{"embeddable":true,"href":"https:\/\/ichancefoundation.org\/fr\/wp-json\/wp\/v2\/users\/1"}],"replies":[{"embeddable":true,"href":"https:\/\/ichancefoundation.org\/fr\/wp-json\/wp\/v2\/comments?post=15"}],"version-history":[{"count":54,"href":"https:\/\/ichancefoundation.org\/fr\/wp-json\/wp\/v2\/pages\/15\/revisions"}],"predecessor-version":[{"id":178,"href":"https:\/\/ichancefoundation.org\/fr\/wp-json\/wp\/v2\/pages\/15\/revisions\/178"}],"wp:attachment":[{"href":"https:\/\/ichancefoundation.org\/fr\/wp-json\/wp\/v2\/media?parent=15"}],"curies":[{"name":"wp","href":"https:\/\/api.w.org\/{rel}","templated":true}]}}