{"id":29,"date":"2015-10-22T14:27:42","date_gmt":"2015-10-22T14:27:42","guid":{"rendered":"https:\/?page_id=29"},"modified":"2025-03-12T15:19:34","modified_gmt":"2025-03-12T15:19:34","slug":"home-page","status":"publish","type":"page","link":"https:\/\/ichancefoundation.org\/fr\/","title":{"rendered":"Home page"},"content":{"rendered":"<p>[rev_slider home_icffr]<div class=\"t4p-fullwidth fullwidth-box hentry\" style=\"background-attachment:scroll;background-color:#1c6789;background-image: url(http:\/\/ichancefoundation.org\/wp-content\/uploads\/2015\/11\/cartina.png);background-position:center center;background-repeat:no-repeat;-webkit-background-size:cover;-moz-background-size:cover;-o-background-size:cover;background-size:cover;border-color:#eae9e9;border-bottom-width: 0px;border-top-width: 0px;border-bottom-style: solid;border-top-style: solid;padding-bottom:0px;padding-top:40px;\"><div class=\"alora-row\">\n<div class=\"t4p-one-half one_half t4p-column\">\n<h2>NOTRE MISSION<\/h2>\n<p><span style=\"color: #ffffff;\"><span style=\"font-size: 18px; line-height: 30px;\">iCHANCE FOUNDATION est une association non lucrative dont le but est de soutenir financi\u00e8rement et op\u00e9rationnellement les sujets qui d\u00e9veloppent une activit\u00e9 de soutien et d\u00e9veloppement humanitaire dans le cadre de la sant\u00e9, de l\u2019\u00e9ducation et des projets d\u2019autosubsistance alimentaire et \u00e9conomique.<\/span><\/span><\/div>\n<div class=\"t4p-one-half one_half t4p-column last\"><div class=\"t4p-sep-clear\"><\/div><div class=\"t4p-separator sep-none\" style=\"border-color:#f0f0f0;margin-top:35px;\"><\/div>\n<img loading=\"lazy\" decoding=\"async\" class=\"alignright wp-image-57\" src=\"http:\/\/ichancefoundation.org\/wp-content\/uploads\/2015\/10\/lampadine.png\" alt=\"lampadine\" width=\"400\" height=\"216\" srcset=\"https:\/\/ichancefoundation.org\/wp-content\/uploads\/2015\/10\/lampadine.png 450w, https:\/\/ichancefoundation.org\/wp-content\/uploads\/2015\/10\/lampadine-300x162.png 300w\" sizes=\"auto, (max-width: 400px) 100vw, 400px\" \/><\/div><div class=\"t4p-clearfix\"><\/div>\n<\/div><\/div>\n<div class=\"t4p-fullwidth fullwidth-box hentry\" style=\"background-attachment:scroll;background-color:#f4f4f4;background-position:left top;background-repeat:no-repeat;-webkit-background-size:cover;-moz-background-size:cover;-o-background-size:cover;background-size:cover;border-color:#eae9e9;border-bottom-width: 0px;border-top-width: 0px;border-bottom-style: solid;border-top-style: solid;padding-bottom:0px;padding-top:30px;\"><div class=\"alora-row\">\n<div class=\"t4p-one-fourth one_fourth t4p-column\">\n<img loading=\"lazy\" decoding=\"async\" class=\"aligncenter size-full wp-image-165\" src=\"http:\/\/ichancefoundation.org\/wp-content\/uploads\/2015\/10\/diritti2.jpg\" alt=\"diritti2\" width=\"400\" height=\"200\" srcset=\"https:\/\/ichancefoundation.org\/wp-content\/uploads\/2015\/10\/diritti2.jpg 400w, https:\/\/ichancefoundation.org\/wp-content\/uploads\/2015\/10\/diritti2-300x150.jpg 300w\" sizes=\"auto, (max-width: 400px) 100vw, 400px\" \/><\/p>\n<h3>Soutien aux personnes et droits de l\u2019homme<\/h3>\n<p>Soutien pour ceux qui n\u2019ont pas les moyens d\u2019acc\u00e9der au syst\u00e8me national de sant\u00e9 publique et protection des droits de l\u2019homme et autres buts humanitaires.<br \/>\n<\/div>\n<div class=\"t4p-one-fourth one_fourth t4p-column\">\n<img loading=\"lazy\" decoding=\"async\" class=\"aligncenter wp-image-168 size-full\" src=\"http:\/\/ichancefoundation.org\/wp-content\/uploads\/2015\/10\/protezione_salute.jpg\" alt=\"protezione_salute\" width=\"400\" height=\"200\" srcset=\"https:\/\/ichancefoundation.org\/wp-content\/uploads\/2015\/10\/protezione_salute.jpg 400w, https:\/\/ichancefoundation.org\/wp-content\/uploads\/2015\/10\/protezione_salute-300x150.jpg 300w\" sizes=\"auto, (max-width: 400px) 100vw, 400px\" \/><\/p>\n<h3>Tutelle et protection de la sant\u00e9<\/h3>\n<p>Propagande et soutien de la r\u00e9alisation d\u2019activit\u00e9s, d\u2019actions et de projets visant la tutelle de la sant\u00e9 de toutes les personnes tant individuellement que pour des groupes de personnes.<br \/>\n<\/div>\n<div class=\"t4p-one-fourth one_fourth t4p-column\">\n<img loading=\"lazy\" decoding=\"async\" class=\"aligncenter wp-image-166 size-full\" src=\"http:\/\/ichancefoundation.org\/wp-content\/uploads\/2015\/10\/educazione.jpg\" alt=\"\" width=\"400\" height=\"200\" srcset=\"https:\/\/ichancefoundation.org\/wp-content\/uploads\/2015\/10\/educazione.jpg 400w, https:\/\/ichancefoundation.org\/wp-content\/uploads\/2015\/10\/educazione-300x150.jpg 300w\" sizes=\"auto, (max-width: 400px) 100vw, 400px\" \/><\/p>\n<h3>Education: d\u00e9veloppement et soutien<\/h3>\n<p>Organisation d\u2019\u00e9v\u00e9nements et soutien de projets visant \u00e0 d\u00e9velopper l\u2019\u00e9ducation.<br \/>\n<\/div>\n<div class=\"t4p-one-fourth one_fourth t4p-column last\">\n<img loading=\"lazy\" decoding=\"async\" class=\"aligncenter wp-image-167 size-full\" src=\"http:\/\/ichancefoundation.org\/wp-content\/uploads\/2015\/10\/opere_progetti.jpg\" alt=\"\" width=\"400\" height=\"200\" srcset=\"https:\/\/ichancefoundation.org\/wp-content\/uploads\/2015\/10\/opere_progetti.jpg 400w, https:\/\/ichancefoundation.org\/wp-content\/uploads\/2015\/10\/opere_progetti-300x150.jpg 300w\" sizes=\"auto, (max-width: 400px) 100vw, 400px\" \/><\/p>\n<h3>R\u00e9alisation d\u2019ouvrages, infrastructures et projets pour l\u2019autosubsistance alimentaire<\/h3>\n<p>Dans le but d\u2019atteindre des objectifs sociaux, humanitaires et sanitaires (h\u00f4pitaux, \u00e9coles, cliniques etc.)<br \/>\n<\/div><div class=\"t4p-clearfix\"><\/div>\n<\/div><\/div>\n<div class=\"t4p-fullwidth fullwidth-box hentry\" style=\"background-attachment:scroll;background-color:#ffffff;background-position:left top;background-repeat:no-repeat;-webkit-background-size:cover;-moz-background-size:cover;-o-background-size:cover;background-size:cover;border-color:#eae9e9;border-bottom-width: 0px;border-top-width: 0px;border-bottom-style: solid;border-top-style: solid;padding-bottom:20px;padding-top:20px;\"><div class=\"alora-row\">\n<h1 style=\"text-align: center;\">DERNIERES NEWS<\/h1>\n<div class=\"t4p-recent-posts alora-container layout-default layout-columns-3\"><section class=\"t4p-columns columns columns-3\" style=\"width:100%;\"><div class=\"row holder\"><article class=\"t4p-column column col col-lg-4 col-md-4 col-sm-4\"><div class=\"t4p-flexslider flexslider\"><ul class=\"slides\"><li><div class=\"full-video\"><iframe loading=\"lazy\" width=\"560\" height=\"315\" src=\"https:\/\/www.youtube.com\/embed\/o3lV-1x_rck\" title=\"YouTube video player\" frameborder=\"0\" allow=\"accelerometer; autoplay; clipboard-write; encrypted-media; gyroscope; picture-in-picture\" allowfullscreen><\/iframe><\/div><\/li><\/ul><\/div><div class=\"recent-posts-content\"><h3><a href=\"https:\/\/ichancefoundation.org\/fr\/ucraini-ditalia-allopera\/\">Ucraini d\u2019Italia all\u2019opera!<\/a><\/h3><div class=\"excerpt-container\"><p>Ieri, la 76ma Heroes of Defense di Odessa ha ricevuto gli aiuti che tanti [&#8230;]<\/p>\n<\/div><\/div><\/article><article class=\"t4p-column column col col-lg-4 col-md-4 col-sm-4\"><div class=\"t4p-flexslider flexslider\"><ul class=\"slides\"><li><a href=\"https:\/\/ichancefoundation.org\/fr\/un-buon-viaggio\/\"><img decoding=\"async\" src=\"https:\/\/ichancefoundation.org\/wp-content\/uploads\/2022\/03\/56BFC54B-5129-4293-9B3D-2FF1EBFF4000-660x405.jpeg\" alt=\"56BFC54B-5129-4293-9B3D-2FF1EBFF4000\"\/><\/a><\/li><\/ul><\/div><div class=\"recent-posts-content\"><h3><a href=\"https:\/\/ichancefoundation.org\/fr\/un-buon-viaggio\/\">Un buon viaggio<\/a><\/h3><div class=\"excerpt-container\"><p>Sono arrivati sani e salvi dal territorio Ucraino, dove sono riusciti a consegnare tutto. [&#8230;]<\/p>\n<\/div><\/div><\/article><article class=\"t4p-column column col col-lg-4 col-md-4 col-sm-4\"><div class=\"t4p-flexslider flexslider\"><ul class=\"slides\"><li><a href=\"https:\/\/ichancefoundation.org\/fr\/chi-aiuta-lucraina\/\"><img decoding=\"async\" src=\"https:\/\/ichancefoundation.org\/wp-content\/uploads\/2022\/03\/249CFA94-71CA-4051-B2F6-1D087A86F85A-660x405.jpeg\" alt=\"249CFA94-71CA-4051-B2F6-1D087A86F85A\"\/><\/a><\/li><\/ul><\/div><div class=\"recent-posts-content\"><h3><a href=\"https:\/\/ichancefoundation.org\/fr\/chi-aiuta-lucraina\/\">Chi aiuta l\u2019Ucraina?<\/a><\/h3><div class=\"excerpt-container\"><p>Sono partiti gli aiuti umanitari! Questi sono i nostri due semplici \u201deroi\u201d che portano. [&#8230;]<\/p>\n<\/div><\/div><\/article><\/div><\/section><\/div><\/div><\/div>\n","protected":false},"excerpt":{"rendered":"<p>[rev_slider home_icffr]<\/p>\n","protected":false},"author":1,"featured_media":0,"parent":0,"menu_order":0,"comment_status":"closed","ping_status":"closed","template":"100-width.php","meta":{"footnotes":""},"class_list":["post-29","page","type-page","status-publish","hentry"],"translation":{"provider":"WPGlobus","version":"3.0.0","language":"fr","enabled_languages":["en","it","sk","es","fr"],"languages":{"en":{"title":true,"content":true,"excerpt":false},"it":{"title":false,"content":true,"excerpt":false},"sk":{"title":false,"content":false,"excerpt":false},"es":{"title":false,"content":true,"excerpt":false},"fr":{"title":false,"content":true,"excerpt":false}}},"_links":{"self":[{"href":"https:\/\/ichancefoundation.org\/fr\/wp-json\/wp\/v2\/pages\/29","targetHints":{"allow":["GET"]}}],"collection":[{"href":"https:\/\/ichancefoundation.org\/fr\/wp-json\/wp\/v2\/pages"}],"about":[{"href":"https:\/\/ichancefoundation.org\/fr\/wp-json\/wp\/v2\/types\/page"}],"author":[{"embeddable":true,"href":"https:\/\/ichancefoundation.org\/fr\/wp-json\/wp\/v2\/users\/1"}],"replies":[{"embeddable":true,"href":"https:\/\/ichancefoundation.org\/fr\/wp-json\/wp\/v2\/comments?post=29"}],"version-history":[{"count":108,"href":"https:\/\/ichancefoundation.org\/fr\/wp-json\/wp\/v2\/pages\/29\/revisions"}],"predecessor-version":[{"id":398,"href":"https:\/\/ichancefoundation.org\/fr\/wp-json\/wp\/v2\/pages\/29\/revisions\/398"}],"wp:attachment":[{"href":"https:\/\/ichancefoundation.org\/fr\/wp-json\/wp\/v2\/media?parent=29"}],"curies":[{"name":"wp","href":"https:\/\/api.w.org\/{rel}","templated":true}]}}